{"id":626,"date":"2024-02-19T03:30:03","date_gmt":"2024-02-19T03:30:03","guid":{"rendered":"https:\/\/calyssahotel.com\/?page_id=626"},"modified":"2024-05-25T04:38:22","modified_gmt":"2024-05-25T04:38:22","slug":"superior-family","status":"publish","type":"page","link":"https:\/\/calyssahotel.com\/en\/superior-family\/","title":{"rendered":"SUPERIOR FAMILY"},"content":{"rendered":"<div class=\"slider-wrapper relative\" id=\"slider-1411772233\" >\n    <div class=\"slider slider-nav-circle slider-nav-large slider-nav-light slider-style-normal\"\n        data-flickity-options='{\n            \"cellAlign\": \"center\",\n            \"imagesLoaded\": true,\n            \"lazyLoad\": 1,\n            \"freeScroll\": false,\n            \"wrapAround\": true,\n            \"autoPlay\": 6000,\n            \"pauseAutoPlayOnHover\" : true,\n            \"prevNextButtons\": true,\n            \"contain\" : true,\n            \"adaptiveHeight\" : true,\n            \"dragThreshold\" : 10,\n            \"percentPosition\": true,\n            \"pageDots\": true,\n            \"rightToLeft\": false,\n            \"draggable\": true,\n            \"selectedAttraction\": 0.1,\n            \"parallax\" : 0,\n            \"friction\": 0.6        }'\n        >\n        \n\t<div class=\"img has-hover x md-x lg-x y md-y lg-y\" id=\"image_1991824369\">\n\t\t\t\t\t\t\t\t<div class=\"img-inner dark\" >\n\t\t\t<img loading=\"lazy\" decoding=\"async\" width=\"2880\" height=\"2160\" src=\"https:\/\/calyssahotel.com\/wp-content\/uploads\/2024\/05\/PHONG-SUPERIOR-FAMILY-1.png\" class=\"attachment-original size-original\" alt=\"\" srcset=\"https:\/\/calyssahotel.com\/wp-content\/uploads\/2024\/05\/PHONG-SUPERIOR-FAMILY-1.png 2880w, https:\/\/calyssahotel.com\/wp-content\/uploads\/2024\/05\/PHONG-SUPERIOR-FAMILY-1-533x400.png 533w, https:\/\/calyssahotel.com\/wp-content\/uploads\/2024\/05\/PHONG-SUPERIOR-FAMILY-1-1067x800.png 1067w, https:\/\/calyssahotel.com\/wp-content\/uploads\/2024\/05\/PHONG-SUPERIOR-FAMILY-1-768x576.png 768w, https:\/\/calyssahotel.com\/wp-content\/uploads\/2024\/05\/PHONG-SUPERIOR-FAMILY-1-1536x1152.png 1536w, https:\/\/calyssahotel.com\/wp-content\/uploads\/2024\/05\/PHONG-SUPERIOR-FAMILY-1-2048x1536.png 2048w, https:\/\/calyssahotel.com\/wp-content\/uploads\/2024\/05\/PHONG-SUPERIOR-FAMILY-1-600x450.png 600w\" sizes=\"auto, (max-width: 2880px) 100vw, 2880px\" \/>\t\t\t\t\t\t\n\t\t\t\t\t<\/div>\n\t\t\t\t\t\t\t\t\n<style>\n#image_1991824369 {\n  width: 100%;\n}\n<\/style>\n\t<\/div>\n\t\n\t<div class=\"img has-hover x md-x lg-x y md-y lg-y\" id=\"image_293492828\">\n\t\t\t\t\t\t\t\t<div class=\"img-inner dark\" >\n\t\t\t<img loading=\"lazy\" decoding=\"async\" width=\"2880\" height=\"2160\" src=\"https:\/\/calyssahotel.com\/wp-content\/uploads\/2024\/05\/PHONG-SUPERIOR-FAMILY-2.png\" class=\"attachment-original size-original\" alt=\"\" srcset=\"https:\/\/calyssahotel.com\/wp-content\/uploads\/2024\/05\/PHONG-SUPERIOR-FAMILY-2.png 2880w, https:\/\/calyssahotel.com\/wp-content\/uploads\/2024\/05\/PHONG-SUPERIOR-FAMILY-2-533x400.png 533w, https:\/\/calyssahotel.com\/wp-content\/uploads\/2024\/05\/PHONG-SUPERIOR-FAMILY-2-1067x800.png 1067w, https:\/\/calyssahotel.com\/wp-content\/uploads\/2024\/05\/PHONG-SUPERIOR-FAMILY-2-768x576.png 768w, https:\/\/calyssahotel.com\/wp-content\/uploads\/2024\/05\/PHONG-SUPERIOR-FAMILY-2-1536x1152.png 1536w, https:\/\/calyssahotel.com\/wp-content\/uploads\/2024\/05\/PHONG-SUPERIOR-FAMILY-2-2048x1536.png 2048w, https:\/\/calyssahotel.com\/wp-content\/uploads\/2024\/05\/PHONG-SUPERIOR-FAMILY-2-600x450.png 600w\" sizes=\"auto, (max-width: 2880px) 100vw, 2880px\" \/>\t\t\t\t\t\t\n\t\t\t\t\t<\/div>\n\t\t\t\t\t\t\t\t\n<style>\n#image_293492828 {\n  width: 100%;\n}\n<\/style>\n\t<\/div>\n\t\n\t<div class=\"img has-hover x md-x lg-x y md-y lg-y\" id=\"image_352045632\">\n\t\t\t\t\t\t\t\t<div class=\"img-inner dark\" >\n\t\t\t<img loading=\"lazy\" decoding=\"async\" width=\"2880\" height=\"2160\" src=\"https:\/\/calyssahotel.com\/wp-content\/uploads\/2024\/05\/PHONG-SUPERIOR-FAMILY-3.png\" class=\"attachment-original size-original\" alt=\"\" srcset=\"https:\/\/calyssahotel.com\/wp-content\/uploads\/2024\/05\/PHONG-SUPERIOR-FAMILY-3.png 2880w, https:\/\/calyssahotel.com\/wp-content\/uploads\/2024\/05\/PHONG-SUPERIOR-FAMILY-3-533x400.png 533w, https:\/\/calyssahotel.com\/wp-content\/uploads\/2024\/05\/PHONG-SUPERIOR-FAMILY-3-1067x800.png 1067w, https:\/\/calyssahotel.com\/wp-content\/uploads\/2024\/05\/PHONG-SUPERIOR-FAMILY-3-768x576.png 768w, https:\/\/calyssahotel.com\/wp-content\/uploads\/2024\/05\/PHONG-SUPERIOR-FAMILY-3-1536x1152.png 1536w, https:\/\/calyssahotel.com\/wp-content\/uploads\/2024\/05\/PHONG-SUPERIOR-FAMILY-3-2048x1536.png 2048w, https:\/\/calyssahotel.com\/wp-content\/uploads\/2024\/05\/PHONG-SUPERIOR-FAMILY-3-600x450.png 600w\" sizes=\"auto, (max-width: 2880px) 100vw, 2880px\" \/>\t\t\t\t\t\t\n\t\t\t\t\t<\/div>\n\t\t\t\t\t\t\t\t\n<style>\n#image_352045632 {\n  width: 100%;\n}\n<\/style>\n\t<\/div>\n\t\n\t<div class=\"img has-hover x md-x lg-x y md-y lg-y\" id=\"image_1972369003\">\n\t\t\t\t\t\t\t\t<div class=\"img-inner dark\" >\n\t\t\t<img loading=\"lazy\" decoding=\"async\" width=\"2880\" height=\"2160\" src=\"https:\/\/calyssahotel.com\/wp-content\/uploads\/2024\/05\/PHONG-SUPERIOR-FAMILY-4.png\" class=\"attachment-original size-original\" alt=\"\" srcset=\"https:\/\/calyssahotel.com\/wp-content\/uploads\/2024\/05\/PHONG-SUPERIOR-FAMILY-4.png 2880w, https:\/\/calyssahotel.com\/wp-content\/uploads\/2024\/05\/PHONG-SUPERIOR-FAMILY-4-533x400.png 533w, https:\/\/calyssahotel.com\/wp-content\/uploads\/2024\/05\/PHONG-SUPERIOR-FAMILY-4-1067x800.png 1067w, https:\/\/calyssahotel.com\/wp-content\/uploads\/2024\/05\/PHONG-SUPERIOR-FAMILY-4-768x576.png 768w, https:\/\/calyssahotel.com\/wp-content\/uploads\/2024\/05\/PHONG-SUPERIOR-FAMILY-4-1536x1152.png 1536w, https:\/\/calyssahotel.com\/wp-content\/uploads\/2024\/05\/PHONG-SUPERIOR-FAMILY-4-2048x1536.png 2048w, https:\/\/calyssahotel.com\/wp-content\/uploads\/2024\/05\/PHONG-SUPERIOR-FAMILY-4-600x450.png 600w\" sizes=\"auto, (max-width: 2880px) 100vw, 2880px\" \/>\t\t\t\t\t\t\n\t\t\t\t\t<\/div>\n\t\t\t\t\t\t\t\t\n<style>\n#image_1972369003 {\n  width: 100%;\n}\n<\/style>\n\t<\/div>\n\t\n\t<div class=\"img has-hover x md-x lg-x y md-y lg-y\" id=\"image_983112665\">\n\t\t\t\t\t\t\t\t<div class=\"img-inner dark\" >\n\t\t\t<img loading=\"lazy\" decoding=\"async\" width=\"2880\" height=\"2160\" src=\"https:\/\/calyssahotel.com\/wp-content\/uploads\/2024\/05\/PHONG-SUPERIOR-FAMILY-5.png\" class=\"attachment-original size-original\" alt=\"\" srcset=\"https:\/\/calyssahotel.com\/wp-content\/uploads\/2024\/05\/PHONG-SUPERIOR-FAMILY-5.png 2880w, https:\/\/calyssahotel.com\/wp-content\/uploads\/2024\/05\/PHONG-SUPERIOR-FAMILY-5-533x400.png 533w, https:\/\/calyssahotel.com\/wp-content\/uploads\/2024\/05\/PHONG-SUPERIOR-FAMILY-5-1067x800.png 1067w, https:\/\/calyssahotel.com\/wp-content\/uploads\/2024\/05\/PHONG-SUPERIOR-FAMILY-5-768x576.png 768w, https:\/\/calyssahotel.com\/wp-content\/uploads\/2024\/05\/PHONG-SUPERIOR-FAMILY-5-1536x1152.png 1536w, https:\/\/calyssahotel.com\/wp-content\/uploads\/2024\/05\/PHONG-SUPERIOR-FAMILY-5-2048x1536.png 2048w, https:\/\/calyssahotel.com\/wp-content\/uploads\/2024\/05\/PHONG-SUPERIOR-FAMILY-5-600x450.png 600w\" sizes=\"auto, (max-width: 2880px) 100vw, 2880px\" \/>\t\t\t\t\t\t\n\t\t\t\t\t<\/div>\n\t\t\t\t\t\t\t\t\n<style>\n#image_983112665 {\n  width: 100%;\n}\n<\/style>\n\t<\/div>\n\t\n\t<div class=\"img has-hover x md-x lg-x y md-y lg-y\" id=\"image_617760680\">\n\t\t\t\t\t\t\t\t<div class=\"img-inner dark\" >\n\t\t\t<img loading=\"lazy\" decoding=\"async\" width=\"2880\" height=\"2160\" src=\"https:\/\/calyssahotel.com\/wp-content\/uploads\/2024\/05\/PHONG-SUPERIOR-FAMILY-6.png\" class=\"attachment-original size-original\" alt=\"\" srcset=\"https:\/\/calyssahotel.com\/wp-content\/uploads\/2024\/05\/PHONG-SUPERIOR-FAMILY-6.png 2880w, https:\/\/calyssahotel.com\/wp-content\/uploads\/2024\/05\/PHONG-SUPERIOR-FAMILY-6-533x400.png 533w, https:\/\/calyssahotel.com\/wp-content\/uploads\/2024\/05\/PHONG-SUPERIOR-FAMILY-6-1067x800.png 1067w, https:\/\/calyssahotel.com\/wp-content\/uploads\/2024\/05\/PHONG-SUPERIOR-FAMILY-6-768x576.png 768w, https:\/\/calyssahotel.com\/wp-content\/uploads\/2024\/05\/PHONG-SUPERIOR-FAMILY-6-1536x1152.png 1536w, https:\/\/calyssahotel.com\/wp-content\/uploads\/2024\/05\/PHONG-SUPERIOR-FAMILY-6-2048x1536.png 2048w, https:\/\/calyssahotel.com\/wp-content\/uploads\/2024\/05\/PHONG-SUPERIOR-FAMILY-6-600x450.png 600w\" sizes=\"auto, (max-width: 2880px) 100vw, 2880px\" \/>\t\t\t\t\t\t\n\t\t\t\t\t<\/div>\n\t\t\t\t\t\t\t\t\n<style>\n#image_617760680 {\n  width: 100%;\n}\n<\/style>\n\t<\/div>\n\t\n\t<div class=\"img has-hover x md-x lg-x y md-y lg-y\" id=\"image_1843606199\">\n\t\t\t\t\t\t\t\t<div class=\"img-inner dark\" >\n\t\t\t<img loading=\"lazy\" decoding=\"async\" width=\"2880\" height=\"2160\" src=\"https:\/\/calyssahotel.com\/wp-content\/uploads\/2024\/05\/PHONG-SUPERIOR-FAMILY-7.png\" class=\"attachment-original size-original\" alt=\"\" srcset=\"https:\/\/calyssahotel.com\/wp-content\/uploads\/2024\/05\/PHONG-SUPERIOR-FAMILY-7.png 2880w, https:\/\/calyssahotel.com\/wp-content\/uploads\/2024\/05\/PHONG-SUPERIOR-FAMILY-7-533x400.png 533w, https:\/\/calyssahotel.com\/wp-content\/uploads\/2024\/05\/PHONG-SUPERIOR-FAMILY-7-1067x800.png 1067w, https:\/\/calyssahotel.com\/wp-content\/uploads\/2024\/05\/PHONG-SUPERIOR-FAMILY-7-768x576.png 768w, https:\/\/calyssahotel.com\/wp-content\/uploads\/2024\/05\/PHONG-SUPERIOR-FAMILY-7-1536x1152.png 1536w, https:\/\/calyssahotel.com\/wp-content\/uploads\/2024\/05\/PHONG-SUPERIOR-FAMILY-7-2048x1536.png 2048w, https:\/\/calyssahotel.com\/wp-content\/uploads\/2024\/05\/PHONG-SUPERIOR-FAMILY-7-600x450.png 600w\" sizes=\"auto, (max-width: 2880px) 100vw, 2880px\" \/>\t\t\t\t\t\t\n\t\t\t\t\t<\/div>\n\t\t\t\t\t\t\t\t\n<style>\n#image_1843606199 {\n  width: 100%;\n}\n<\/style>\n\t<\/div>\n\t\n     <\/div>\n\n     <div class=\"loading-spin dark large centered\"><\/div>\n\n\t<\/div>\n\n\n\t<section class=\"section\" id=\"section_1422646837\">\n\t\t<div class=\"bg section-bg fill bg-fill  bg-loaded\" >\n\n\t\t\t\n\t\t\t\n\t\t\t\n\n\t\t<\/div>\n\n\t\t\n\n\t\t<div class=\"section-content relative\">\n\t\t\t\n<div class=\"row row-collapse row-solid\"  id=\"row-1394907530\">\n\n\t<div id=\"col-1033318718\" class=\"col medium-8 small-12 large-8\"  >\n\t\t\t\t<div class=\"col-inner\"  >\n\t\t\t\n\t\t\t\n<p><a href=\"\/phong-nghi\/\">PH\u00d2NG NGH\u1ec8<\/a> &gt; <a href=\"\/superior-family\/\">SUPERIOR FAMILY<\/a><\/p>\n\t<div class=\"img has-hover x md-x lg-x y md-y lg-y\" id=\"image_1386303904\">\n\t\t\t\t\t\t\t\t<div class=\"img-inner dark\" >\n\t\t\t<img loading=\"lazy\" decoding=\"async\" width=\"773\" height=\"14\" src=\"https:\/\/calyssahotel.com\/wp-content\/uploads\/2024\/02\/1.png\" class=\"attachment-original size-original\" alt=\"\" srcset=\"https:\/\/calyssahotel.com\/wp-content\/uploads\/2024\/02\/1.png 773w, https:\/\/calyssahotel.com\/wp-content\/uploads\/2024\/02\/1-768x14.png 768w, https:\/\/calyssahotel.com\/wp-content\/uploads\/2024\/02\/1-600x11.png 600w\" sizes=\"auto, (max-width: 773px) 100vw, 773px\" \/>\t\t\t\t\t\t\n\t\t\t\t\t<\/div>\n\t\t\t\t\t\t\t\t\n<style>\n#image_1386303904 {\n  width: 100%;\n}\n<\/style>\n\t<\/div>\n\t\n<div><span style=\"color: #b99122;\"><strong>SUPERIOR FAMILY<\/strong><\/span> &#8211; L\u00e0 l\u1ef1a ch\u1ecdn \u1ea5m c\u00fang nh\u1ea5t \u0111\u1ec3 t\u1eadn h\u01b0\u1edfng k\u1ef3 ngh\u1ec9 tr\u1ecdn v\u1eb9n b\u00ean gia \u0111\u00ecnh v\u00e0 ng\u01b0\u1eddi th\u00e2n<\/div>\n<div>Di\u1ec7n t\u00edch ph\u00f2ng 35m2<\/div>\n<div>\u00a0<\/div>\n<div><span style=\"color: #b99122;\"><strong>M\u1ed8T S\u1ed0 L\u01afU \u00dd<\/strong><\/span><\/div>\n<div>&#8211; Th\u1eddi gian nh\u1eadn ph\u00f2ng l\u00e0 sau 14h.<\/div>\n<div>&#8211; Tr\u1ea3 ph\u00f2ng tr\u01b0\u1edbc 12h tr\u01b0a.<\/div>\n<div>&#8211; M\u1ed9t ng\u00e0y ti\u00eau chu\u1ea9n t\u00ednh t\u1eeb 14:00 \u0111\u1ebfn 12:00 ng\u00e0y h\u00f4m sau.<\/div>\n<div>&#8211; Vi\u1ec7c nh\u1eadn ph\u00f2ng s\u1edbm (tr\u01b0\u1edbc 14h00) v\u00e0 tr\u1ea3 ph\u00f2ng tr\u1ec5 (sau 12h00 tr\u01b0a) s\u1ebd t\u00ednh th\u00eam ph\u00ed.<\/div>\n<div>\u00a0<\/div>\n<div><strong><span style=\"color: #b99122;\">TI\u1ec6N \u00cdCH PH\u00d2NG<\/span><\/strong><\/div>\n<div>&#8211; H\u1ec7 th\u1ed1ng kh\u00f3a t\u1eeb hi\u1ec7n \u0111\u1ea1i<\/div>\n<div>&#8211; M\u00e1y s\u1ea5y t\u00f3c<\/div>\n<div>&#8211; Ti vi<\/div>\n<div>&#8211; K\u00e9t an to\u00e0n<\/div>\n<div>&#8211; \u1ea4m \u0111un n\u01b0\u1edbc si\u00eau t\u1ed1c<\/div>\n<div>&#8211; Mi\u1ec5n ph\u00ed n\u01b0\u1edbc su\u1ed1i, tr\u00e0, caf\u00e9, \u0111\u01b0\u1eddng h\u00e0ng ng\u00e0y<\/div>\n<div>&#8211; S\u1ed5 th\u00f4ng tin h\u01b0\u1edbng d\u1eabn<\/div>\n<div>&#8211; V\u1eadt d\u1ee5ng ph\u00f2ng t\u1eafm<\/div>\n<div>&#8211; Mi\u1ec5n ph\u00ed wifi<\/div>\n\t<div id=\"gap-1574321880\" class=\"gap-element clearfix\" style=\"display:block; height:auto;\">\n\t\t\n<style>\n#gap-1574321880 {\n  padding-top: 20px;\n}\n<\/style>\n\t<\/div>\n\t\n\t\t<\/div>\n\t\t\t\t\n<style>\n#col-1033318718 > .col-inner {\n  padding: 0px 0px 0px 10px;\n}\n<\/style>\n\t<\/div>\n\n\t\n\n\t<div id=\"col-440885127\" class=\"col medium-4 small-12 large-4\"  >\n\t\t\t\t<div class=\"col-inner\"  >\n\t\t\t\n\t\t\t\n<ul class=\"sidebar-wrapper ul-reset\"><aside id=\"nav_menu-2\" class=\"widget widget_nav_menu\"><span class=\"widget-title \"><span>PH\u00d2NG NGH\u1ec8<\/span><\/span><div class=\"is-divider small\"><\/div><div class=\"menu-phong-nghi-container\"><ul id=\"menu-phong-nghi\" class=\"menu\"><li id=\"menu-item-656\" class=\"menu-item menu-item-type-post_type menu-item-object-page menu-item-656\"><a href=\"https:\/\/calyssahotel.com\/en\/superior-double\/\">SUPERIOR DOUBLE<\/a><\/li>\n<li id=\"menu-item-643\" class=\"menu-item menu-item-type-post_type menu-item-object-page menu-item-643\"><a href=\"https:\/\/calyssahotel.com\/en\/superior-family\/\">SUPERIOR FAMILY<\/a><\/li>\n<li id=\"menu-item-642\" class=\"menu-item menu-item-type-post_type menu-item-object-page menu-item-642\"><a href=\"https:\/\/calyssahotel.com\/en\/deluxe-double\/\">DELUXE DOUBLE<\/a><\/li>\n<li id=\"menu-item-641\" class=\"menu-item menu-item-type-post_type menu-item-object-page menu-item-641\"><a href=\"https:\/\/calyssahotel.com\/en\/deluxe-twin\/\">DELUXE TWIN<\/a><\/li>\n<li id=\"menu-item-657\" class=\"menu-item menu-item-type-post_type menu-item-object-page menu-item-657\"><a href=\"https:\/\/calyssahotel.com\/en\/deluxe-family-2\/\">DELUXE FAMILY<\/a><\/li>\n<li id=\"menu-item-639\" class=\"menu-item menu-item-type-post_type menu-item-object-page menu-item-639\"><a href=\"https:\/\/calyssahotel.com\/en\/junior-suite\/\">JUNIOR SUITE<\/a><\/li>\n<li id=\"menu-item-638\" class=\"menu-item menu-item-type-post_type menu-item-object-page menu-item-638\"><a href=\"https:\/\/calyssahotel.com\/en\/executive-suite\/\">EXECUTIVE SUITE<\/a><\/li>\n<\/ul><\/div><\/aside><aside id=\"text-14\" class=\"widget widget_text\"><span class=\"widget-title \"><span>LI\u00caN H\u1ec6<\/span><\/span><div class=\"is-divider small\"><\/div>\t\t\t<div class=\"textwidget\"><p><span style=\"font-size: 100%;\"><strong><span style=\"color: #b99122;\">CALYSSA HOTELS &amp; VILLAGE<\/span><\/strong><\/span><\/p>\n<ul>\n<li><span style=\"font-size: 85%;\">\u0110\u1ecba ch\u1ec9: 91 H\u00f9ng V\u01b0\u01a1ng, Ph\u01b0\u1eddng 11, TP. \u0110\u00e0 L\u1ea1t, L\u00e2m \u0110\u1ed3ng, Vi\u1ec7t Nam.<\/span><\/li>\n<li><span style=\"font-size: 85%;\">\u0110i\u1ec7n tho\u1ea1i: (+84 2633) 813 999<\/span><\/li>\n<li><span style=\"font-size: 85%;\">Website: http:\/\/www.calyssahotel.com<\/span><\/li>\n<li><span style=\"font-size: 85%;\">Email: info@calyssahotel.com<\/span><\/li>\n<\/ul>\n<\/div>\n\t\t<\/aside><\/ul>\n\t\t<\/div>\n\t\t\t\t\t<\/div>\n\n\t\n<\/div>\n\t\t<\/div>\n\n\t\t\n<style>\n#section_1422646837 {\n  padding-top: 30px;\n  padding-bottom: 30px;\n}\n<\/style>\n\t<\/section>\n\t\n","protected":false},"excerpt":{"rendered":"","protected":false},"author":1,"featured_media":0,"parent":0,"menu_order":0,"comment_status":"closed","ping_status":"closed","template":"page-blank.php","meta":{"footnotes":""},"class_list":["post-626","page","type-page","status-publish","hentry"],"_links":{"self":[{"href":"https:\/\/calyssahotel.com\/en\/wp-json\/wp\/v2\/pages\/626","targetHints":{"allow":["GET"]}}],"collection":[{"href":"https:\/\/calyssahotel.com\/en\/wp-json\/wp\/v2\/pages"}],"about":[{"href":"https:\/\/calyssahotel.com\/en\/wp-json\/wp\/v2\/types\/page"}],"author":[{"embeddable":true,"href":"https:\/\/calyssahotel.com\/en\/wp-json\/wp\/v2\/users\/1"}],"replies":[{"embeddable":true,"href":"https:\/\/calyssahotel.com\/en\/wp-json\/wp\/v2\/comments?post=626"}],"version-history":[{"count":5,"href":"https:\/\/calyssahotel.com\/en\/wp-json\/wp\/v2\/pages\/626\/revisions"}],"predecessor-version":[{"id":827,"href":"https:\/\/calyssahotel.com\/en\/wp-json\/wp\/v2\/pages\/626\/revisions\/827"}],"wp:attachment":[{"href":"https:\/\/calyssahotel.com\/en\/wp-json\/wp\/v2\/media?parent=626"}],"curies":[{"name":"wp","href":"https:\/\/api.w.org\/{rel}","templated":true}]}}