{"id":608,"date":"2024-02-17T08:32:35","date_gmt":"2024-02-17T08:32:35","guid":{"rendered":"https:\/\/calyssahotel.com\/?page_id=608"},"modified":"2024-02-20T01:40:38","modified_gmt":"2024-02-20T01:40:38","slug":"gioi-thieu","status":"publish","type":"page","link":"https:\/\/calyssahotel.com\/en\/gioi-thieu\/","title":{"rendered":"GI\u1edaI THI\u1ec6U"},"content":{"rendered":"<div class=\"slider-wrapper relative\" id=\"slider-815025321\" >\n    <div class=\"slider slider-nav-circle slider-nav-large slider-nav-light slider-style-normal\"\n        data-flickity-options='{\n            \"cellAlign\": \"center\",\n            \"imagesLoaded\": true,\n            \"lazyLoad\": 1,\n            \"freeScroll\": false,\n            \"wrapAround\": true,\n            \"autoPlay\": 6000,\n            \"pauseAutoPlayOnHover\" : true,\n            \"prevNextButtons\": true,\n            \"contain\" : true,\n            \"adaptiveHeight\" : true,\n            \"dragThreshold\" : 10,\n            \"percentPosition\": true,\n            \"pageDots\": true,\n            \"rightToLeft\": false,\n            \"draggable\": true,\n            \"selectedAttraction\": 0.1,\n            \"parallax\" : 0,\n            \"friction\": 0.6        }'\n        >\n        \n\t<div class=\"img has-hover x md-x lg-x y md-y lg-y\" id=\"image_1978015196\">\n\t\t\t\t\t\t\t\t<div class=\"img-inner dark\" >\n\t\t\t\t\t\t\t\t\t\n\t\t\t\t\t<\/div>\n\t\t\t\t\t\t\t\t\n<style>\n#image_1978015196 {\n  width: 100%;\n}\n<\/style>\n\t<\/div>\n\t\n\t<div class=\"img has-hover x md-x lg-x y md-y lg-y\" id=\"image_722589133\">\n\t\t\t\t\t\t\t\t<div class=\"img-inner dark\" >\n\t\t\t\t\t\t\t\t\t\n\t\t\t\t\t<\/div>\n\t\t\t\t\t\t\t\t\n<style>\n#image_722589133 {\n  width: 100%;\n}\n<\/style>\n\t<\/div>\n\t\n\t<div class=\"img has-hover x md-x lg-x y md-y lg-y\" id=\"image_1668530150\">\n\t\t\t\t\t\t\t\t<div class=\"img-inner dark\" >\n\t\t\t\t\t\t\t\t\t\n\t\t\t\t\t<\/div>\n\t\t\t\t\t\t\t\t\n<style>\n#image_1668530150 {\n  width: 100%;\n}\n<\/style>\n\t<\/div>\n\t\n\t<div class=\"img has-hover x md-x lg-x y md-y lg-y\" id=\"image_65131054\">\n\t\t\t\t\t\t\t\t<div class=\"img-inner dark\" >\n\t\t\t\t\t\t\t\t\t\n\t\t\t\t\t<\/div>\n\t\t\t\t\t\t\t\t\n<style>\n#image_65131054 {\n  width: 100%;\n}\n<\/style>\n\t<\/div>\n\t\n\t<div class=\"img has-hover x md-x lg-x y md-y lg-y\" id=\"image_1936145659\">\n\t\t\t\t\t\t\t\t<div class=\"img-inner dark\" >\n\t\t\t\t\t\t\t\t\t\n\t\t\t\t\t<\/div>\n\t\t\t\t\t\t\t\t\n<style>\n#image_1936145659 {\n  width: 100%;\n}\n<\/style>\n\t<\/div>\n\t\n     <\/div>\n\n     <div class=\"loading-spin dark large centered\"><\/div>\n\n\t<\/div>\n\n\n\t<section class=\"section\" id=\"section_153712890\">\n\t\t<div class=\"bg section-bg fill bg-fill  bg-loaded\" >\n\n\t\t\t\n\t\t\t\n\t\t\t\n\n\t\t<\/div>\n\n\t\t\n\n\t\t<div class=\"section-content relative\">\n\t\t\t\n<div class=\"row\"  id=\"row-322657442\">\n\n\t<div id=\"col-1795981455\" class=\"col medium-8 small-12 large-8\"  >\n\t\t\t\t<div class=\"col-inner\"  >\n\t\t\t\n\t\t\t\n<p><a href=\"https:\/\/calyssahotel.com\/\">TRANG CH\u1ee6<\/a> \u203a <a href=\"https:\/\/calyssahotel.com\/gioi-thieu\/\">GI\u1edaI THI\u1ec6U<\/a><\/p>\n\t<div class=\"img has-hover x md-x lg-x y md-y lg-y\" id=\"image_213927170\">\n\t\t\t\t\t\t\t\t<div class=\"img-inner dark\" >\n\t\t\t<img loading=\"lazy\" decoding=\"async\" width=\"773\" height=\"14\" src=\"https:\/\/calyssahotel.com\/wp-content\/uploads\/2024\/02\/1.png\" class=\"attachment-original size-original\" alt=\"\" srcset=\"https:\/\/calyssahotel.com\/wp-content\/uploads\/2024\/02\/1.png 773w, https:\/\/calyssahotel.com\/wp-content\/uploads\/2024\/02\/1-768x14.png 768w, https:\/\/calyssahotel.com\/wp-content\/uploads\/2024\/02\/1-600x11.png 600w\" sizes=\"auto, (max-width: 773px) 100vw, 773px\" \/>\t\t\t\t\t\t\n\t\t\t\t\t<\/div>\n\t\t\t\t\t\t\t\t\n<style>\n#image_213927170 {\n  width: 100%;\n}\n<\/style>\n\t<\/div>\n\t\n<div>\u0110\u00e0 L\u1ea1t \u0111\u01b0\u1ee3c m\u1ec7nh danh l\u00e0 thi\u00ean \u0111\u01b0\u1eddng c\u1ee7a nh\u1eefng con d\u1ed1c th\u01a1 m\u1ed9ng, n\u01a1i du kh\u00e1ch c\u00f3 th\u1ec3 th\u1ea3 h\u1ed3n v\u00e0o l\u00e0n s\u01b0\u01a1ng s\u1edbm l\u1ea1nh bu\u1ed1t, hay \u0111\u1eafm ch\u00ecm trong nh\u1eefng \u00e1nh \u0111\u00e8n nh\u00e0 l\u1ed3ng v\u1ec1 \u0111\u00eam, m\u1ed9t khung c\u1ea3nh kh\u00f4ng n\u01a1i n\u00e0o kh\u00e1c c\u00f3 \u0111\u01b0\u1ee3c.<\/div>\n<div>Calyssa Hotels &amp; Village to\u1ea1 l\u1ea1c tr\u00ean con d\u1ed1c \u0111\u1eb9p nh\u1ea9t v\u1edbi kh\u00f4ng gian l\u00e3ng m\u1ea1n c\u1ee7a r\u1eebng th\u00f4ng, m\u00e2y n\u00fai; T\u1ed5ng th\u1ec3 g\u1ed3m 75 ph\u00f2ng ngh\u1ec9 v\u1edbi ki\u1ebfn tr\u00fac \u0111\u1eadm n\u00e9t hi\u1ec7n \u0111\u1ea1i \u0111\u1ea3m b\u1ea3o ph\u00f9 h\u1ee3p v\u1edbi nhu c\u1ea7u s\u1eed d\u1ee5ng c\u1ee7a gia \u0111\u00ecnh ho\u1eb7c c\u00e1c nh\u00f3m b\u1ea1n \u0111i ngh\u1ec9 d\u01b0\u1ee1ng. T\u1eebng chi ti\u1ebft trong m\u1ed7i kh\u00f4ng gian \u0111\u01b0\u1ee3c ch\u0103m ch\u00fat c\u1ea9n tr\u1ecdng v\u1edbi d\u1ecbch v\u1ee5 th\u00e2n thi\u1ec7n v\u00e0 t\u1ed1i \u01b0u nh\u1ea5t \u0111\u1ec3 c\u00e1c th\u01b0\u1ee3ng kh\u00e1ch lu\u00f4n c\u1ea3m th\u1ea5y nh\u01b0 \u0111ang \u1edf nh\u00e0 m\u00ecnh.<\/div>\n<div>Kh\u00e1ch s\u1ea1n Calyssa Hotels &amp; Village \u0111\u01b0\u1ee3c kh\u1edfi c\u00f4ng x\u00e2y \u0111\u1ef1ng \u0111\u1ea7u n\u0103m 2022, ho\u00e0n th\u00e0nh &amp; \u0111i v\u00e0o ho\u1ea1t \u0111\u1ed9ng t\u1eeb \u0111\u1ea7u n\u0103m 2024.<\/div>\n<div>\u0110\u01b0\u1ee3c thi\u1ebft k\u1ebf v\u00e0 x\u00e2y d\u1ef1ng theo ti\u00eau chu\u1ea9n 3 sao qu\u1ed1c t\u1ebf, Kh\u00e1ch s\u1ea1n c\u00f3 \u0111\u1ea7y \u0111\u1ee7 d\u1ecbch v\u1ee5: Ph\u00f2ng ngh\u1ec9; Nh\u00e0 h\u00e0ng, C\u00e0 ph\u00ea &amp; S\u00e2n Tenis<\/div>\n<div>&#8211; S\u1ee9c ch\u1ee9a: 200 kh\u00e1ch<\/div>\n<div>&#8211; D\u1ecbch v\u1ee5 l\u1ec5 t\u00e2n 24\/7<\/div>\n<div>V\u1edbi trang thi\u1ebft b\u1ecb hi\u1ec7n \u0111\u1ea1i, h\u1ec7 th\u1ed1ng d\u1ecbch v\u1ee5 ho\u00e0n ch\u1ec9nh, phong c\u00e1ch ph\u1ee5c v\u1ee5 chuy\u00ean nghi\u1ec7p c\u00f9ng v\u1edbi \u0111\u1ed9i ng\u0169 nh\u00e2n vi\u00ean kh\u00e1ch s\u1ea1n th\u00e2n thi\u1ec7n v\u00e0 gi\u00e1 c\u1ea3 h\u1ee3p l\u00fd, ch\u00fang t\u00f4i cam k\u1ebft mang \u0111\u1ebfn cho b\u1ea1n s\u1ef1 h\u00e0i l\u00f2ng trong th\u1eddi gian l\u01b0u tr\u00fa t\u1ea1i Calyssa.<\/div>\n\t\t<\/div>\n\t\t\t\t\n<style>\n#col-1795981455 > .col-inner {\n  padding: 0px 0px 0px 0px;\n}\n<\/style>\n\t<\/div>\n\n\t\n\n\t<div id=\"col-601959719\" class=\"col medium-4 small-12 large-4\"  >\n\t\t\t\t<div class=\"col-inner\"  >\n\t\t\t\n\t\t\t\n\t<div id=\"text-2342939391\" class=\"text\">\n\t\t\n<p>T\u1ed4NG QUAN<\/p>\n\t\t\n<style>\n#text-2342939391 {\n  color: rgb(178, 152, 3);\n}\n#text-2342939391 > * {\n  color: rgb(178, 152, 3);\n}\n<\/style>\n\t<\/div>\n\t\n<ul>\n<li><span style=\"font-size: 85%;\">Gi\u1edbi thi\u1ec7u<\/span><\/li>\n<li><span style=\"font-size: 85%;\">V\u1ecb tr\u00ed<\/span><\/li>\n<\/ul>\n\t<div id=\"gap-528073609\" class=\"gap-element clearfix\" style=\"display:block; height:auto;\">\n\t\t\n<style>\n#gap-528073609 {\n  padding-top: 30px;\n}\n<\/style>\n\t<\/div>\n\t\n\t<div id=\"text-2671891460\" class=\"text\">\n\t\t\n<p>CALYSSA HOTELS &#038; VILLAGE<\/p>\n\t\t\n<style>\n#text-2671891460 {\n  color: rgb(178, 152, 3);\n}\n#text-2671891460 > * {\n  color: rgb(178, 152, 3);\n}\n<\/style>\n\t<\/div>\n\t\n<ul>\n<li><span style=\"font-size: 85%;\">\u0110\u1ecba ch\u1ec9: 91 H\u00f9ng V\u01b0\u01a1ng, Ph\u01b0\u1eddng 11, TP. \u0110\u00e0 L\u1ea1t, L\u00e2m \u0110\u1ed3ng, Vi\u1ec7t Nam.<\/span><\/li>\n<li><span style=\"font-size: 85%;\">\u0110i\u1ec7n tho\u1ea1i: (+84 2633) 813 999<\/span><\/li>\n<li><span style=\"font-size: 85%;\">Website: http:\/\/www.calyssahotel.com<\/span><\/li>\n<li><span style=\"font-size: 85%;\">Email: info@calyssahotel.com<\/span><\/li>\n<\/ul>\n\t\t<\/div>\n\t\t\t\t\t<\/div>\n\n\t\n<\/div>\n\t\t<\/div>\n\n\t\t\n<style>\n#section_153712890 {\n  padding-top: 30px;\n  padding-bottom: 30px;\n}\n<\/style>\n\t<\/section>\n\t\n","protected":false},"excerpt":{"rendered":"","protected":false},"author":1,"featured_media":0,"parent":0,"menu_order":0,"comment_status":"closed","ping_status":"closed","template":"","meta":{"footnotes":""},"class_list":["post-608","page","type-page","status-publish","hentry"],"_links":{"self":[{"href":"https:\/\/calyssahotel.com\/en\/wp-json\/wp\/v2\/pages\/608","targetHints":{"allow":["GET"]}}],"collection":[{"href":"https:\/\/calyssahotel.com\/en\/wp-json\/wp\/v2\/pages"}],"about":[{"href":"https:\/\/calyssahotel.com\/en\/wp-json\/wp\/v2\/types\/page"}],"author":[{"embeddable":true,"href":"https:\/\/calyssahotel.com\/en\/wp-json\/wp\/v2\/users\/1"}],"replies":[{"embeddable":true,"href":"https:\/\/calyssahotel.com\/en\/wp-json\/wp\/v2\/comments?post=608"}],"version-history":[{"count":4,"href":"https:\/\/calyssahotel.com\/en\/wp-json\/wp\/v2\/pages\/608\/revisions"}],"predecessor-version":[{"id":717,"href":"https:\/\/calyssahotel.com\/en\/wp-json\/wp\/v2\/pages\/608\/revisions\/717"}],"wp:attachment":[{"href":"https:\/\/calyssahotel.com\/en\/wp-json\/wp\/v2\/media?parent=608"}],"curies":[{"name":"wp","href":"https:\/\/api.w.org\/{rel}","templated":true}]}}