{"id":319,"date":"2024-02-02T08:46:35","date_gmt":"2024-02-02T08:46:35","guid":{"rendered":"http:\/\/calyssahotel.demoweb.vip\/?page_id=319"},"modified":"2024-03-27T04:28:43","modified_gmt":"2024-03-27T04:28:43","slug":"nha-hang-ca-phe","status":"publish","type":"page","link":"https:\/\/calyssahotel.com\/en\/nha-hang-ca-phe\/","title":{"rendered":"NH\u00c0 H\u00c0NG &#038; C\u00c0 PH\u00ca"},"content":{"rendered":"<div class=\"slider-wrapper relative\" id=\"slider-233229323\" >\n    <div class=\"slider slider-nav-circle slider-nav-large slider-nav-light slider-style-normal\"\n        data-flickity-options='{\n            \"cellAlign\": \"center\",\n            \"imagesLoaded\": true,\n            \"lazyLoad\": 1,\n            \"freeScroll\": false,\n            \"wrapAround\": true,\n            \"autoPlay\": 6000,\n            \"pauseAutoPlayOnHover\" : true,\n            \"prevNextButtons\": true,\n            \"contain\" : true,\n            \"adaptiveHeight\" : true,\n            \"dragThreshold\" : 10,\n            \"percentPosition\": true,\n            \"pageDots\": true,\n            \"rightToLeft\": false,\n            \"draggable\": true,\n            \"selectedAttraction\": 0.1,\n            \"parallax\" : 0,\n            \"friction\": 0.6        }'\n        >\n        \n\t<div class=\"img has-hover x md-x lg-x y md-y lg-y\" id=\"image_341897355\">\n\t\t\t\t\t\t\t\t<div class=\"img-inner image-cover dark\" style=\"padding-top:50%;\">\n\t\t\t<img loading=\"lazy\" decoding=\"async\" width=\"2880\" height=\"2160\" src=\"https:\/\/calyssahotel.com\/wp-content\/uploads\/2024\/03\/HINH-NHA-HANG-5.png\" class=\"attachment-original size-original\" alt=\"\" srcset=\"https:\/\/calyssahotel.com\/wp-content\/uploads\/2024\/03\/HINH-NHA-HANG-5.png 2880w, https:\/\/calyssahotel.com\/wp-content\/uploads\/2024\/03\/HINH-NHA-HANG-5-533x400.png 533w, https:\/\/calyssahotel.com\/wp-content\/uploads\/2024\/03\/HINH-NHA-HANG-5-1067x800.png 1067w, https:\/\/calyssahotel.com\/wp-content\/uploads\/2024\/03\/HINH-NHA-HANG-5-768x576.png 768w, https:\/\/calyssahotel.com\/wp-content\/uploads\/2024\/03\/HINH-NHA-HANG-5-1536x1152.png 1536w, https:\/\/calyssahotel.com\/wp-content\/uploads\/2024\/03\/HINH-NHA-HANG-5-2048x1536.png 2048w, https:\/\/calyssahotel.com\/wp-content\/uploads\/2024\/03\/HINH-NHA-HANG-5-600x450.png 600w\" sizes=\"auto, (max-width: 2880px) 100vw, 2880px\" \/>\t\t\t\t\t\t\n\t\t\t\t\t<\/div>\n\t\t\t\t\t\t\t\t\n<style>\n#image_341897355 {\n  width: 100%;\n}\n<\/style>\n\t<\/div>\n\t\n\t<div class=\"img has-hover x md-x lg-x y md-y lg-y\" id=\"image_367981568\">\n\t\t\t\t\t\t\t\t<div class=\"img-inner image-cover dark\" style=\"padding-top:50%;\">\n\t\t\t<img loading=\"lazy\" decoding=\"async\" width=\"1400\" height=\"500\" src=\"https:\/\/calyssahotel.com\/wp-content\/uploads\/2024\/02\/restaurant-04.jpg\" class=\"attachment-original size-original\" alt=\"\" srcset=\"https:\/\/calyssahotel.com\/wp-content\/uploads\/2024\/02\/restaurant-04.jpg 1400w, https:\/\/calyssahotel.com\/wp-content\/uploads\/2024\/02\/restaurant-04-800x286.jpg 800w, https:\/\/calyssahotel.com\/wp-content\/uploads\/2024\/02\/restaurant-04-768x274.jpg 768w, https:\/\/calyssahotel.com\/wp-content\/uploads\/2024\/02\/restaurant-04-600x214.jpg 600w\" sizes=\"auto, (max-width: 1400px) 100vw, 1400px\" \/>\t\t\t\t\t\t\n\t\t\t\t\t<\/div>\n\t\t\t\t\t\t\t\t\n<style>\n#image_367981568 {\n  width: 100%;\n}\n<\/style>\n\t<\/div>\n\t\n\t<div class=\"img has-hover x md-x lg-x y md-y lg-y\" id=\"image_1660116611\">\n\t\t\t\t\t\t\t\t<div class=\"img-inner image-cover dark\" style=\"padding-top:50%;\">\n\t\t\t<img loading=\"lazy\" decoding=\"async\" width=\"990\" height=\"500\" src=\"https:\/\/calyssahotel.com\/wp-content\/uploads\/2024\/02\/HKKE4461.jpg\" class=\"attachment-original size-original\" alt=\"\" srcset=\"https:\/\/calyssahotel.com\/wp-content\/uploads\/2024\/02\/HKKE4461.jpg 990w, https:\/\/calyssahotel.com\/wp-content\/uploads\/2024\/02\/HKKE4461-792x400.jpg 792w, https:\/\/calyssahotel.com\/wp-content\/uploads\/2024\/02\/HKKE4461-768x388.jpg 768w, https:\/\/calyssahotel.com\/wp-content\/uploads\/2024\/02\/HKKE4461-600x303.jpg 600w\" sizes=\"auto, (max-width: 990px) 100vw, 990px\" \/>\t\t\t\t\t\t\n\t\t\t\t\t<\/div>\n\t\t\t\t\t\t\t\t\n<style>\n#image_1660116611 {\n  width: 100%;\n}\n<\/style>\n\t<\/div>\n\t\n\t<div class=\"img has-hover x md-x lg-x y md-y lg-y\" id=\"image_1159297718\">\n\t\t\t\t\t\t\t\t<div class=\"img-inner dark\" >\n\t\t\t<img loading=\"lazy\" decoding=\"async\" width=\"990\" height=\"500\" src=\"https:\/\/calyssahotel.com\/wp-content\/uploads\/2024\/02\/WZRP0161.jpg\" class=\"attachment-original size-original\" alt=\"\" srcset=\"https:\/\/calyssahotel.com\/wp-content\/uploads\/2024\/02\/WZRP0161.jpg 990w, https:\/\/calyssahotel.com\/wp-content\/uploads\/2024\/02\/WZRP0161-792x400.jpg 792w, https:\/\/calyssahotel.com\/wp-content\/uploads\/2024\/02\/WZRP0161-768x388.jpg 768w, https:\/\/calyssahotel.com\/wp-content\/uploads\/2024\/02\/WZRP0161-600x303.jpg 600w\" sizes=\"auto, (max-width: 990px) 100vw, 990px\" \/>\t\t\t\t\t\t\n\t\t\t\t\t<\/div>\n\t\t\t\t\t\t\t\t\n<style>\n#image_1159297718 {\n  width: 100%;\n}\n<\/style>\n\t<\/div>\n\t\n\t<div class=\"img has-hover x md-x lg-x y md-y lg-y\" id=\"image_1356870758\">\n\t\t\t\t\t\t\t\t<div class=\"img-inner dark\" >\n\t\t\t<img loading=\"lazy\" decoding=\"async\" width=\"2880\" height=\"2160\" src=\"https:\/\/calyssahotel.com\/wp-content\/uploads\/2024\/03\/HINH-NHA-HANG-8.png\" class=\"attachment-original size-original\" alt=\"\" srcset=\"https:\/\/calyssahotel.com\/wp-content\/uploads\/2024\/03\/HINH-NHA-HANG-8.png 2880w, https:\/\/calyssahotel.com\/wp-content\/uploads\/2024\/03\/HINH-NHA-HANG-8-533x400.png 533w, https:\/\/calyssahotel.com\/wp-content\/uploads\/2024\/03\/HINH-NHA-HANG-8-1067x800.png 1067w, https:\/\/calyssahotel.com\/wp-content\/uploads\/2024\/03\/HINH-NHA-HANG-8-768x576.png 768w, https:\/\/calyssahotel.com\/wp-content\/uploads\/2024\/03\/HINH-NHA-HANG-8-1536x1152.png 1536w, https:\/\/calyssahotel.com\/wp-content\/uploads\/2024\/03\/HINH-NHA-HANG-8-2048x1536.png 2048w, https:\/\/calyssahotel.com\/wp-content\/uploads\/2024\/03\/HINH-NHA-HANG-8-600x450.png 600w\" sizes=\"auto, (max-width: 2880px) 100vw, 2880px\" \/>\t\t\t\t\t\t\n\t\t\t\t\t<\/div>\n\t\t\t\t\t\t\t\t\n<style>\n#image_1356870758 {\n  width: 100%;\n}\n<\/style>\n\t<\/div>\n\t\n     <\/div>\n\n     <div class=\"loading-spin dark large centered\"><\/div>\n\n\t<\/div>\n\n\n\t<section class=\"section\" id=\"section_126331972\">\n\t\t<div class=\"bg section-bg fill bg-fill  bg-loaded\" >\n\n\t\t\t\n\t\t\t\n\t\t\t\n\n\t\t<\/div>\n\n\t\t\n\n\t\t<div class=\"section-content relative\">\n\t\t\t\n<div class=\"row row-collapse row-solid\"  id=\"row-759057642\">\n\n\t<div id=\"col-1708832797\" class=\"col medium-8 small-12 large-8\"  >\n\t\t\t\t<div class=\"col-inner\"  >\n\t\t\t\n\t\t\t\n<p><a href=\"https:\/\/calyssahotel.com\/\">TRANG CH\u1ee6<\/a> \u203a <a href=\"https:\/\/calyssahotel.com\/nha-hang-ca-phe\/\">NH\u00c0 H\u00c0NG &amp; C\u00c0 PH\u00ca<\/a><\/p>\n\t<div class=\"img has-hover x md-x lg-x y md-y lg-y\" id=\"image_1606483776\">\n\t\t\t\t\t\t\t\t<div class=\"img-inner dark\" >\n\t\t\t<img loading=\"lazy\" decoding=\"async\" width=\"773\" height=\"14\" src=\"https:\/\/calyssahotel.com\/wp-content\/uploads\/2024\/02\/1.png\" class=\"attachment-original size-original\" alt=\"\" srcset=\"https:\/\/calyssahotel.com\/wp-content\/uploads\/2024\/02\/1.png 773w, https:\/\/calyssahotel.com\/wp-content\/uploads\/2024\/02\/1-768x14.png 768w, https:\/\/calyssahotel.com\/wp-content\/uploads\/2024\/02\/1-600x11.png 600w\" sizes=\"auto, (max-width: 773px) 100vw, 773px\" \/>\t\t\t\t\t\t\n\t\t\t\t\t<\/div>\n\t\t\t\t\t\t\t\t\n<style>\n#image_1606483776 {\n  width: 100%;\n}\n<\/style>\n\t<\/div>\n\t\n<div>\u0110\u1ebfn v\u1edbi Calyssa \u0110\u00e0 L\u1ea1t, th\u1ef1c kh\u00e1ch s\u1ebd \u0111\u01b0\u1ee3c \u0111\u1ed9i ng\u0169 \u0111\u1ea7u b\u1ebfp chuy\u00ean nghi\u1ec7p ph\u1ee5c v\u1ee5 nh\u1eefng m\u00f3n ngon \u01b0ng \u00fd trong kh\u00f4ng gian r\u1ed9ng tho\u00e1ng v\u00e0 sang tr\u1ecdng<\/div>\n<div>Khu v\u1ef1c \u1ea9m th\u1ef1c d\u00e0nh cho b\u1eefa s\u00e1ng \u0111\u00e1ng nh\u1edb \u0111\u1ec3 b\u1eaft \u0111\u1ea7u ng\u00e0y m\u1edbi, b\u1eefa tr\u01b0a ho\u00e0n h\u1ea3o v\u00e0 b\u1eefa t\u1ed1i \u0111\u1ea7y c\u1ea3m h\u1ee9ng v\u1edbi nh\u1eefng m\u00f3n \u0103n tinh t\u1ebf c\u00f3 s\u1ef1 pha tr\u1ed9n gi\u1eefa n\u1ec1n \u1ea9m th\u1ef1c \u00c1\u00a0 \u00a0\u2013\u00a0 \u00c2u.<\/div>\n<div>\u00a0<\/div>\n<div>Buffet s\u00e1ng<\/div>\n<div>Set menu tr\u01b0a &amp; chi\u1ec1u<\/div>\n<div>\u00a0<\/div>\n<div>&#8211; M\u1edf c\u1eeda h\u1eb1ng ng\u00e0y 06:30AM-21:00PM<\/div>\n<div>&#8211; S\u1ee9c ch\u1ee9a t\u1ed1i \u0111a: 150 gh\u1ebf<\/div>\n<p>\u00a0<\/p>\n\t<div id=\"gap-1345994418\" class=\"gap-element clearfix\" style=\"display:block; height:auto;\">\n\t\t\n<style>\n#gap-1345994418 {\n  padding-top: 20px;\n}\n<\/style>\n\t<\/div>\n\t\n\t\t<\/div>\n\t\t\t\t\n<style>\n#col-1708832797 > .col-inner {\n  padding: 0px 0px 0px 10px;\n}\n<\/style>\n\t<\/div>\n\n\t\n\n\t<div id=\"col-743727244\" class=\"col medium-4 small-12 large-4\"  >\n\t\t\t\t<div class=\"col-inner\"  >\n\t\t\t\n\t\t\t\n<p><a href=\"https:\/\/calyssahotel.com\/nha-hang-ca-phe\/\">NH\u00c0 H\u00c0NG<\/a><\/p>\n\t<div class=\"img has-hover x md-x lg-x y md-y lg-y\" id=\"image_870201104\">\n\t\t\t\t\t\t\t\t<div class=\"img-inner dark\" >\n\t\t\t<img loading=\"lazy\" decoding=\"async\" width=\"773\" height=\"14\" src=\"https:\/\/calyssahotel.com\/wp-content\/uploads\/2024\/02\/1.png\" class=\"attachment-original size-original\" alt=\"\" srcset=\"https:\/\/calyssahotel.com\/wp-content\/uploads\/2024\/02\/1.png 773w, https:\/\/calyssahotel.com\/wp-content\/uploads\/2024\/02\/1-768x14.png 768w, https:\/\/calyssahotel.com\/wp-content\/uploads\/2024\/02\/1-600x11.png 600w\" sizes=\"auto, (max-width: 773px) 100vw, 773px\" \/>\t\t\t\t\t\t\n\t\t\t\t\t<\/div>\n\t\t\t\t\t\t\t\t\n<style>\n#image_870201104 {\n  width: 100%;\n}\n<\/style>\n\t<\/div>\n\t\n<ul>\n<li><a href=\"https:\/\/calyssahotel.com\/nha-hang-calyssa\/\">NH\u00c0 H\u00c0NG CALYSSA<\/a><\/li>\n<\/ul>\n<p><span style=\"color: #b99122;\"><strong>CALYSSA HOTELS &amp; VILLAGE<\/strong><\/span><\/p>\n<ul>\n<li><span style=\"font-size: 85%;\">\u0110\u1ecba ch\u1ec9: 91 H\u00f9ng V\u01b0\u01a1ng, Ph\u01b0\u1eddng 11, TP. \u0110\u00e0 L\u1ea1t, L\u00e2m \u0110\u1ed3ng, Vi\u1ec7t Nam.<\/span><\/li>\n<li><span style=\"font-size: 85%;\">\u0110i\u1ec7n tho\u1ea1i: (+84 2633) 813 999<\/span><\/li>\n<li><span style=\"font-size: 85%;\">Website: http:\/\/www.calyssahotel.com<\/span><\/li>\n<li><span style=\"font-size: 85%;\">Email: info@calyssahotel.com<\/span><\/li>\n<\/ul>\n\t\t<\/div>\n\t\t\t\t\t<\/div>\n\n\t\n<\/div>\n\t\t<\/div>\n\n\t\t\n<style>\n#section_126331972 {\n  padding-top: 30px;\n  padding-bottom: 30px;\n}\n<\/style>\n\t<\/section>\n\t\n","protected":false},"excerpt":{"rendered":"","protected":false},"author":1,"featured_media":0,"parent":0,"menu_order":0,"comment_status":"closed","ping_status":"closed","template":"page-blank.php","meta":{"footnotes":""},"class_list":["post-319","page","type-page","status-publish","hentry"],"_links":{"self":[{"href":"https:\/\/calyssahotel.com\/en\/wp-json\/wp\/v2\/pages\/319","targetHints":{"allow":["GET"]}}],"collection":[{"href":"https:\/\/calyssahotel.com\/en\/wp-json\/wp\/v2\/pages"}],"about":[{"href":"https:\/\/calyssahotel.com\/en\/wp-json\/wp\/v2\/types\/page"}],"author":[{"embeddable":true,"href":"https:\/\/calyssahotel.com\/en\/wp-json\/wp\/v2\/users\/1"}],"replies":[{"embeddable":true,"href":"https:\/\/calyssahotel.com\/en\/wp-json\/wp\/v2\/comments?post=319"}],"version-history":[{"count":15,"href":"https:\/\/calyssahotel.com\/en\/wp-json\/wp\/v2\/pages\/319\/revisions"}],"predecessor-version":[{"id":807,"href":"https:\/\/calyssahotel.com\/en\/wp-json\/wp\/v2\/pages\/319\/revisions\/807"}],"wp:attachment":[{"href":"https:\/\/calyssahotel.com\/en\/wp-json\/wp\/v2\/media?parent=319"}],"curies":[{"name":"wp","href":"https:\/\/api.w.org\/{rel}","templated":true}]}}